{"id":593,"date":"2020-10-26T15:31:25","date_gmt":"2020-10-26T15:31:25","guid":{"rendered":"https:\/\/demo.casethemes.net\/bixol\/?page_id=593"},"modified":"2025-05-01T18:52:48","modified_gmt":"2025-05-01T18:52:48","slug":"faq-page","status":"publish","type":"page","link":"https:\/\/naguaraproclean.com\/es\/faq-page\/","title":{"rendered":"Preguntas Frecuentes"},"content":{"rendered":"<div data-elementor-type=\"wp-page\" data-elementor-id=\"593\" class=\"elementor elementor-593\" data-elementor-post-type=\"page\">\n\t\t\t\t        <section class=\"elementor-section elementor-top-section elementor-element elementor-element-7ae8d1f3 elementor-section-stretched elementor-section-boxed elementor-section-height-default elementor-section-height-default ct-header-fixed-none pxl-divider-none\" data-id=\"7ae8d1f3\" data-element_type=\"section\" data-settings=\"{&quot;stretch_section&quot;:&quot;section-stretched&quot;,&quot;background_background&quot;:&quot;classic&quot;}\">\n            \n                        <div class=\"elementor-container elementor-column-gap-extended\">\n                    <div class=\"elementor-column elementor-col-100 elementor-top-column elementor-element elementor-element-20ec1868\" data-id=\"20ec1868\" data-element_type=\"column\">\n        <div class=\"elementor-widget-wrap elementor-element-populated\">\n                    \n                <section class=\"elementor-section elementor-inner-section elementor-element elementor-element-72dcbd5 elementor-section-content-middle elementor-section-boxed elementor-section-height-default elementor-section-height-default ct-header-fixed-none pxl-divider-none\" data-id=\"72dcbd5\" data-element_type=\"section\">\n            \n                        <div class=\"elementor-container elementor-column-gap-extended\">\n                    <div class=\"elementor-column elementor-col-100 elementor-inner-column elementor-element elementor-element-ffd5fc8\" data-id=\"ffd5fc8\" data-element_type=\"column\">\n        <div class=\"elementor-widget-wrap elementor-element-populated\">\n                    \n        \t\t<div class=\"elementor-element elementor-element-dff96f0 elementor-widget elementor-widget-ct_heading\" data-id=\"dff96f0\" data-element_type=\"widget\" data-widget_type=\"ct_heading.default\">\n\t\t\t\t<div class=\"elementor-widget-container\">\n\t\t\t\t\t<div id=\"ct_heading-dff96f0\" class=\"ct-heading h-align- ct-heading-left item-st-default\">\r\n\t<div class=\"ct-heading--inner\">\r\n        <div class=\"ct-inline-css\"  data-css=\"            \">\r\n        <\/div>\r\n            \t\t<div class=\"item--sub-title st-default\" data-wow-delay=\"ms\">\r\n                <div class=\"item--sub-title-inner\">\r\n                                            <div class=\"icon-sub-title\">\r\n                            <svg version=\"1.0\" xmlns=\"http:\/\/www.w3.org\/2000\/svg\" viewbox=\"0 0 382.000000 382.000000\" preserveaspectratio=\"xMidYMid meet\">\r\n                                <defs>\r\n                                    <lineargradient id=\"sub-icon1\" x1=\"0%\" y1=\"0%\" x2=\"0%\" y2=\"100%\">\r\n                                          <stop offset=\"0%\" style=\"stop-color:#0431b8;stop-opacity:1\" \/>\r\n                                          <stop offset=\"100%\" style=\"stop-color:#007cfb;stop-opacity:1\" \/>\r\n                                    <\/lineargradient>\r\n                                  <\/defs>\r\n                                <g fill=\"url(#sub-icon1)\" transform=\"translate(0.000000,382.000000) scale(0.100000,-0.100000)\" stroke=\"none\"><path d=\"M1856 3797 c-20 -20 -23 -36 -29 -142 -50 -901 -761 -1612 -1662 -1662 -106 -6 -122 -9 -142 -29 -30 -30 -30 -78 0 -108 20 -20 36 -23 142 -29 901 -50 1612 -761 1662 -1662 6 -106 9 -122 29 -142 30 -30 78 -30 108 0 20 20 23 36 29 142 50 901 761 1612 1662 1662 106 6 122 9 142 29 30 30 30 78 0 108 -20 20 -36 23 -142 29 -901 50 -1612 761 -1662 1662 -6 106 -9 122 -29 142 -14 14 -35 23 -54 23 -19 0 -40 -9 -54 -23z\"\/><\/g>\r\n                            <\/svg>\r\n                            <svg version=\"1.0\" xmlns=\"http:\/\/www.w3.org\/2000\/svg\" viewbox=\"0 0 382.000000 382.000000\" preserveaspectratio=\"xMidYMid meet\">\r\n                                <defs>\r\n                                    <lineargradient id=\"sub-icon2\" x1=\"0%\" y1=\"0%\" x2=\"0%\" y2=\"100%\">\r\n                                          <stop offset=\"0%\" style=\"stop-color:#0431b8;stop-opacity:1\" \/>\r\n                                          <stop offset=\"100%\" style=\"stop-color:#007cfb;stop-opacity:1\" \/>\r\n                                    <\/lineargradient>\r\n                                  <\/defs>\r\n                                <g fill=\"url(#sub-icon2)\" transform=\"translate(0.000000,382.000000) scale(0.100000,-0.100000)\" stroke=\"none\"><path d=\"M1856 3797 c-20 -20 -23 -36 -29 -142 -50 -901 -761 -1612 -1662 -1662 -106 -6 -122 -9 -142 -29 -30 -30 -30 -78 0 -108 20 -20 36 -23 142 -29 901 -50 1612 -761 1662 -1662 6 -106 9 -122 29 -142 30 -30 78 -30 108 0 20 20 23 36 29 142 50 901 761 1612 1662 1662 106 6 122 9 142 29 30 30 30 78 0 108 -20 20 -36 23 -142 29 -901 50 -1612 761 -1662 1662 -6 106 -9 122 -29 142 -14 14 -35 23 -54 23 -19 0 -40 -9 -54 -23z\"\/><\/g>\r\n                            <\/svg>\r\n                            <svg version=\"1.0\" xmlns=\"http:\/\/www.w3.org\/2000\/svg\" viewbox=\"0 0 382.000000 382.000000\" preserveaspectratio=\"xMidYMid meet\">\r\n                                <defs>\r\n                                    <lineargradient id=\"sub-icon3\" x1=\"0%\" y1=\"0%\" x2=\"0%\" y2=\"100%\">\r\n                                          <stop offset=\"0%\" style=\"stop-color:#0431b8;stop-opacity:1\" \/>\r\n                                          <stop offset=\"100%\" style=\"stop-color:#007cfb;stop-opacity:1\" \/>\r\n                                    <\/lineargradient>\r\n                                  <\/defs>\r\n                                <g fill=\"url(#sub-icon3)\" transform=\"translate(0.000000,382.000000) scale(0.100000,-0.100000)\" stroke=\"none\"><path d=\"M1856 3797 c-20 -20 -23 -36 -29 -142 -50 -901 -761 -1612 -1662 -1662 -106 -6 -122 -9 -142 -29 -30 -30 -30 -78 0 -108 20 -20 36 -23 142 -29 901 -50 1612 -761 1662 -1662 6 -106 9 -122 29 -142 30 -30 78 -30 108 0 20 20 23 36 29 142 50 901 761 1612 1662 1662 106 6 122 9 142 29 30 30 30 78 0 108 -20 20 -36 23 -142 29 -901 50 -1612 761 -1662 1662 -6 106 -9 122 -29 142 -14 14 -35 23 -54 23 -19 0 -40 -9 -54 -23z\"\/><\/g>\r\n                            <\/svg>\r\n                        <\/div>\r\n                                        Preguntas Frecuentes                <\/div>\r\n            <\/div>\r\n    \t        <h3 class=\"item--title  st-default\" data-wow-delay=\"ms\">\r\n            <span class=\"ct-text-inner\"><small>Puede obtener m\u00e1s informaci\u00f3n en nuestro<\/small> preguntas formuladas<\/span>        <\/h3>\r\n    <\/div>\r\n<\/div>\t\t\t\t<\/div>\n\t\t\t\t<\/div>\n\t\t            <\/div>\n        <\/div>\n                    <\/div>\n        <\/section>\n                <section class=\"elementor-section elementor-inner-section elementor-element elementor-element-28570e5 elementor-section-boxed elementor-section-height-default elementor-section-height-default ct-header-fixed-none pxl-divider-none\" data-id=\"28570e5\" data-element_type=\"section\">\n            \n                        <div class=\"elementor-container elementor-column-gap-extended\">\n                    <div class=\"elementor-column elementor-col-50 elementor-inner-column elementor-element elementor-element-54890c5\" data-id=\"54890c5\" data-element_type=\"column\">\n        <div class=\"elementor-widget-wrap elementor-element-populated\">\n                    \n        \t\t<div class=\"elementor-element elementor-element-8a9b6e7 elementor-widget elementor-widget-ct_accordion\" data-id=\"8a9b6e7\" data-element_type=\"widget\" data-widget_type=\"ct_accordion.default\">\n\t\t\t\t<div class=\"elementor-widget-container\">\n\t\t\t\t\t    <div id=\"ct_accordion-8a9b6e7\" class=\"ct-accordion layout1 style1\" data-wow-duration=\"1.2s\">\r\n                    <div class=\"ct-accordion-item active\">\r\n                <div class=\"ct-ac-title active\" data-target=\"#74293f9ct_accordion-8a9b6e7\">\r\n                    <a class=\"ct-ac-title-text\">\r\n                        \u00bfPuedo dar instrucciones especiales a mi equipo?                    <\/a>\r\n                                    <\/div>\r\n                <div id=\"74293f9ct_accordion-8a9b6e7\" class=\"ct-ac-content\" style=\"display:block;\">S\u00ed, entendemos que cada hogar y negocio tiene necesidades \u00fanicas. Puede darnos instrucciones especiales al reservar su servicio y nuestro equipo las seguir\u00e1 al pie de la letra.<br \/>\n<\/div>\r\n            <\/div>\r\n                    <div class=\"ct-accordion-item\">\r\n                <div class=\"ct-ac-title\" data-target=\"#84c05ffct_accordion-8a9b6e7\">\r\n                    <a class=\"ct-ac-title-text\">\r\n                        \u00bfTengo que estar en casa para cada servicio de limpieza?                    <\/a>\r\n                                    <\/div>\r\n                <div id=\"84c05ffct_accordion-8a9b6e7\" class=\"ct-ac-content\">No, no es necesario que est\u00e9 en casa durante el servicio de limpieza. Muchos de nuestros clientes nos facilitan una llave o instrucciones de acceso, y nuestro equipo de profesionales se asegura de que todo quede bien cerrado cuando finaliza el servicio. Sin embargo, si prefiere estar en casa, tampoco hay ning\u00fan problema.<\/div>\r\n            <\/div>\r\n                    <div class=\"ct-accordion-item\">\r\n                <div class=\"ct-ac-title\" data-target=\"#5d67e9ect_accordion-8a9b6e7\">\r\n                    <a class=\"ct-ac-title-text\">\r\n                        \u00bfTraes tus propios productos de limpieza?                    <\/a>\r\n                                    <\/div>\r\n                <div id=\"5d67e9ect_accordion-8a9b6e7\" class=\"ct-ac-content\">S\u00ed. Nuestro equipo llega totalmente equipado con todos los suministros y herramientas de limpieza necesarios. <br \/>\n<\/div>\r\n            <\/div>\r\n            <\/div>\r\n\t\t\t\t<\/div>\n\t\t\t\t<\/div>\n\t\t            <\/div>\n        <\/div>\n                <div class=\"elementor-column elementor-col-50 elementor-inner-column elementor-element elementor-element-169af5b\" data-id=\"169af5b\" data-element_type=\"column\">\n        <div class=\"elementor-widget-wrap elementor-element-populated\">\n                    \n        \t\t<div class=\"elementor-element elementor-element-abdbd67 elementor-widget elementor-widget-ct_accordion\" data-id=\"abdbd67\" data-element_type=\"widget\" data-widget_type=\"ct_accordion.default\">\n\t\t\t\t<div class=\"elementor-widget-container\">\n\t\t\t\t\t    <div id=\"ct_accordion-abdbd67\" class=\"ct-accordion layout1 style1\" data-wow-duration=\"1.2s\">\r\n                    <div class=\"ct-accordion-item active\">\r\n                <div class=\"ct-ac-title active\" data-target=\"#74293f9ct_accordion-abdbd67\">\r\n                    <a class=\"ct-ac-title-text\">\r\n                        \u00bfLe parece bien que haya mascotas en casa durante los servicios de limpieza?                    <\/a>\r\n                                    <\/div>\r\n                <div id=\"74293f9ct_accordion-abdbd67\" class=\"ct-ac-content\" style=\"display:block;\">S\u00ed, nos encantan las mascotas. Nos encantan las mascotas y estamos encantados de limpiar hogares con amigos peludos. Sin embargo, por la seguridad de sus mascotas y de nuestro equipo, le pedimos que est\u00e9n en una zona segura durante el servicio de limpieza. Si su mascota est\u00e1 ansiosa con gente nueva o ruidos fuertes, por favor h\u00e1ganoslo saber con antelaci\u00f3n para que podamos satisfacer sus necesidades.<\/div>\r\n            <\/div>\r\n                    <div class=\"ct-accordion-item\">\r\n                <div class=\"ct-ac-title\" data-target=\"#84c05ffct_accordion-abdbd67\">\r\n                    <a class=\"ct-ac-title-text\">\r\n                        \u00bfCu\u00e1nto dura un servicio de limpieza?                    <\/a>\r\n                                    <\/div>\r\n                <div id=\"84c05ffct_accordion-abdbd67\" class=\"ct-ac-content\">La duraci\u00f3n depende del tama\u00f1o de su hogar u oficina y del tipo de limpieza solicitada.<br \/>\n<\/div>\r\n            <\/div>\r\n                    <div class=\"ct-accordion-item\">\r\n                <div class=\"ct-ac-title\" data-target=\"#5d67e9ect_accordion-abdbd67\">\r\n                    <a class=\"ct-ac-title-text\">\r\n                        \u00bfY si no estoy satisfecho con el servicio?                    <\/a>\r\n                                    <\/div>\r\n                <div id=\"5d67e9ect_accordion-abdbd67\" class=\"ct-ac-content\">Su satisfacci\u00f3n es nuestra prioridad. Si no est\u00e1 satisfecho con alguna parte de la limpieza, p\u00f3ngase en contacto con nosotros en un plazo de 24 horas y lo solucionaremos.<br \/>\n<\/div>\r\n            <\/div>\r\n            <\/div>\r\n\t\t\t\t<\/div>\n\t\t\t\t<\/div>\n\t\t            <\/div>\n        <\/div>\n                    <\/div>\n        <\/section>\n                <section class=\"elementor-section elementor-inner-section elementor-element elementor-element-33562082 elementor-section-content-middle elementor-section-boxed elementor-section-height-default elementor-section-height-default ct-header-fixed-none pxl-divider-none\" data-id=\"33562082\" data-element_type=\"section\">\n            \n                        <div class=\"elementor-container elementor-column-gap-extended\">\n                    <div class=\"elementor-column elementor-col-50 elementor-inner-column elementor-element elementor-element-43b49ae8\" data-id=\"43b49ae8\" data-element_type=\"column\">\n        <div class=\"elementor-widget-wrap elementor-element-populated\">\n                    \n        \t\t<div class=\"elementor-element elementor-element-2fa29ecc elementor-widget elementor-widget-ct_heading\" data-id=\"2fa29ecc\" data-element_type=\"widget\" data-widget_type=\"ct_heading.default\">\n\t\t\t\t<div class=\"elementor-widget-container\">\n\t\t\t\t\t<div id=\"ct_heading-2fa29ecc\" class=\"ct-heading h-align- ct-heading-left item-st-default\">\r\n\t<div class=\"ct-heading--inner\">\r\n        <div class=\"ct-inline-css\"  data-css=\"            \">\r\n        <\/div>\r\n                <h3 class=\"item--title  st-default\" data-wow-delay=\"ms\">\r\n            <span class=\"ct-text-inner\"><small>\u00bfTodav\u00eda tienes alg\u00fan problema<\/small> en busca de soluciones?<\/span>        <\/h3>\r\n    <\/div>\r\n<\/div>\t\t\t\t<\/div>\n\t\t\t\t<\/div>\n\t\t            <\/div>\n        <\/div>\n                <div class=\"elementor-column elementor-col-50 elementor-inner-column elementor-element elementor-element-868150f\" data-id=\"868150f\" data-element_type=\"column\">\n        <div class=\"elementor-widget-wrap elementor-element-populated\">\n                    \n        \t\t<div class=\"elementor-element elementor-element-34544a43 elementor-widget elementor-widget-ct_text_editor\" data-id=\"34544a43\" data-element_type=\"widget\" data-widget_type=\"ct_text_editor.default\">\n\t\t\t\t<div class=\"elementor-widget-container\">\n\t\t\t\t\t<div id=\"ct_text_editor-34544a43\" class=\"ct-text-editor\" data-wow-delay=\"ms\">\n\t<div class=\"ct-item--inner\">\n\t\t<div class=\"ct-inline-css\"  data-css=\"\t        \t\t\t\">\n\n\t    <\/div>\n\t\t<div class=\"ct-text-editor elementor-clearfix\">\n\t\t\t\t\t\n\t\t<\/div>\n\t<\/div>\n<\/div>\t\t\t\t<\/div>\n\t\t\t\t<\/div>\n\t\t            <\/div>\n        <\/div>\n                    <\/div>\n        <\/section>\n                <section class=\"elementor-section elementor-inner-section elementor-element elementor-element-686b733 elementor-section-boxed elementor-section-height-default elementor-section-height-default ct-header-fixed-none pxl-divider-none\" data-id=\"686b733\" data-element_type=\"section\">\n            \n                        <div class=\"elementor-container elementor-column-gap-extended\">\n                    <div class=\"elementor-column elementor-col-50 elementor-inner-column elementor-element elementor-element-cd4fe9d\" data-id=\"cd4fe9d\" data-element_type=\"column\">\n        <div class=\"elementor-widget-wrap elementor-element-populated\">\n                    \n        \t\t<div class=\"elementor-element elementor-element-91267ea elementor-widget elementor-widget-ct_fancy_box\" data-id=\"91267ea\" data-element_type=\"widget\" data-widget_type=\"ct_fancy_box.default\">\n\t\t\t\t<div class=\"elementor-widget-container\">\n\t\t\t\t\t<div id=\"ct_fancy_box-91267ea\" class=\"ct-fancy-box ct-fancy-box-layout1 style2\" data-wow-delay=\"ms\">\r\n    <div class=\"ct-inline-css\"  data-css=\"                        \">\r\n    <\/div>\r\n\r\n            <div class=\"item--icon\">\r\n            <i aria-hidden=\"true\" class=\"fas fa-map-marker-alt\"><\/i>        <\/div>\r\n            <div class=\"item--holder\">\r\n        <h3 class=\"item--title fs-title-sm\">\r\n            Direcci\u00f3n de la oficina central:        <\/h3>\r\n        <div class=\"item--description fs-desc-md\">Summit il<\/div>\r\n    <\/div>\r\n\r\n            <a class=\"item--link\" href=\"#\"><\/a>\r\n    <\/div>\t\t\t\t<\/div>\n\t\t\t\t<\/div>\n\t\t\t\t<div class=\"elementor-element elementor-element-3ce1cd0 elementor-widget elementor-widget-ct_fancy_box\" data-id=\"3ce1cd0\" data-element_type=\"widget\" data-widget_type=\"ct_fancy_box.default\">\n\t\t\t\t<div class=\"elementor-widget-container\">\n\t\t\t\t\t<div id=\"ct_fancy_box-3ce1cd0\" class=\"ct-fancy-box ct-fancy-box-layout1 style2\" data-wow-delay=\"ms\">\r\n    <div class=\"ct-inline-css\"  data-css=\"                        \">\r\n    <\/div>\r\n\r\n            <div class=\"item--icon\">\r\n            <i aria-hidden=\"true\" class=\"fas fa-phone-alt\"><\/i>        <\/div>\r\n            <div class=\"item--holder\">\r\n        <h3 class=\"item--title fs-title-sm\">\r\n            Pide ayuda:        <\/h3>\r\n        <div class=\"item--description fs-desc-md\">+1(464) 247-1115<\/div>\r\n    <\/div>\r\n\r\n            <a class=\"item--link\" href=\"tel:+14642471115\"><\/a>\r\n    <\/div>\t\t\t\t<\/div>\n\t\t\t\t<\/div>\n\t\t\t\t<div class=\"elementor-element elementor-element-0f4c5a3 elementor-widget elementor-widget-ct_fancy_box\" data-id=\"0f4c5a3\" data-element_type=\"widget\" data-widget_type=\"ct_fancy_box.default\">\n\t\t\t\t<div class=\"elementor-widget-container\">\n\t\t\t\t\t<div id=\"ct_fancy_box-0f4c5a3\" class=\"ct-fancy-box ct-fancy-box-layout1 style2\" data-wow-delay=\"ms\">\r\n    <div class=\"ct-inline-css\"  data-css=\"                        \">\r\n    <\/div>\r\n\r\n            <div class=\"item--icon\">\r\n            <i aria-hidden=\"true\" class=\"fas fa-envelope\"><\/i>        <\/div>\r\n            <div class=\"item--holder\">\r\n        <h3 class=\"item--title fs-title-sm\">\r\n            Correo para informaci\u00f3n:        <\/h3>\r\n        <div class=\"item--description fs-desc-md\">info@naguraproclean.com<\/div>\r\n    <\/div>\r\n\r\n            <a class=\"item--link\" href=\"#\"><\/a>\r\n    <\/div>\t\t\t\t<\/div>\n\t\t\t\t<\/div>\n\t\t            <\/div>\n        <\/div>\n                <div class=\"elementor-column elementor-col-50 elementor-inner-column elementor-element elementor-element-ecdd1e4\" data-id=\"ecdd1e4\" data-element_type=\"column\">\n        <div class=\"elementor-widget-wrap elementor-element-populated\">\n                    \n        \t\t<div class=\"elementor-element elementor-element-95e5474 elementor-button-align-stretch elementor-widget elementor-widget-form\" data-id=\"95e5474\" data-element_type=\"widget\" data-settings=\"{&quot;step_next_label&quot;:&quot;Next&quot;,&quot;step_previous_label&quot;:&quot;Previous&quot;,&quot;button_width&quot;:&quot;100&quot;,&quot;step_type&quot;:&quot;number_text&quot;,&quot;step_icon_shape&quot;:&quot;circle&quot;}\" data-widget_type=\"form.default\">\n\t\t\t\t<div class=\"elementor-widget-container\">\n\t\t\t\t\t\t\t<form class=\"elementor-form\" method=\"post\" name=\"New Form\" action=\"\">\n\t\t\t<input type=\"hidden\" name=\"post_id\" value=\"593\"\/>\n\t\t\t<input type=\"hidden\" name=\"form_id\" value=\"95e5474\"\/>\n\t\t\t<input type=\"hidden\" name=\"referer_title\" value=\"Faq\" \/>\n\n\t\t\t\t\t\t\t<input type=\"hidden\" name=\"queried_id\" value=\"593\"\/>\n\t\t\t\n\t\t\t<div class=\"elementor-form-fields-wrapper elementor-labels-above\">\n\t\t\t\t\t\t\t\t<div class=\"elementor-field-type-text elementor-field-group elementor-column elementor-field-group-name elementor-col-50 elementor-field-required elementor-mark-required\">\n\t\t\t\t\t\t\t\t\t\t\t\t<label for=\"form-field-name\" class=\"elementor-field-label\">\n\t\t\t\t\t\t\t\tNombre\t\t\t\t\t\t\t<\/label>\n\t\t\t\t\t\t\t\t\t\t\t\t\t\t<input size=\"1\" type=\"text\" name=\"form_fields[name]\" id=\"form-field-name\" class=\"elementor-field elementor-size-sm  elementor-field-textual\" placeholder=\"Nombre\" required=\"required\">\n\t\t\t\t\t\t\t\t\t\t\t<\/div>\n\t\t\t\t\t\t\t\t<div class=\"elementor-field-type-text elementor-field-group elementor-column elementor-field-group-field_4227cd0 elementor-col-50 elementor-field-required elementor-mark-required\">\n\t\t\t\t\t\t\t\t\t\t\t\t<label for=\"form-field-field_4227cd0\" class=\"elementor-field-label\">\n\t\t\t\t\t\t\t\tApellido\t\t\t\t\t\t\t<\/label>\n\t\t\t\t\t\t\t\t\t\t\t\t\t\t<input size=\"1\" type=\"text\" name=\"form_fields[field_4227cd0]\" id=\"form-field-field_4227cd0\" class=\"elementor-field elementor-size-sm  elementor-field-textual\" placeholder=\"Apellido\" required=\"required\">\n\t\t\t\t\t\t\t\t\t\t\t<\/div>\n\t\t\t\t\t\t\t\t<div class=\"elementor-field-type-select elementor-field-group elementor-column elementor-field-group-email elementor-col-50 elementor-field-required elementor-mark-required\">\n\t\t\t\t\t\t\t\t\t\t\t\t<label for=\"form-field-email\" class=\"elementor-field-label\">\n\t\t\t\t\t\t\t\tSeleccione un servicio para obtener ayuda*.\t\t\t\t\t\t\t<\/label>\n\t\t\t\t\t\t\t\t<div class=\"elementor-field elementor-select-wrapper remove-before\">\n\t\t\t<div class=\"select-caret-down-wrapper\">\n\t\t\t\t<i aria-hidden=\"true\" class=\"eicon-caret-down\"><\/i>\t\t\t<\/div>\n\t\t\t<select name=\"form_fields[email]\" id=\"form-field-email\" class=\"elementor-field-textual elementor-size-sm\" required=\"required\">\n\t\t\t\t\t\t\t\t\t<option value=\"Basic cleaning\">Limpieza Profunda<\/option>\n\t\t\t\t\t\t\t\t\t<option value=\"Deep cleaning\">Limpieza B\u00e1sica<\/option>\n\t\t\t\t\t\t\t\t\t<option value=\"Move in move out cleaning\">Limpieza de Mudanzas<\/option>\n\t\t\t\t\t\t\t\t\t<option value=\"Airbnb\">Airbnb<\/option>\n\t\t\t\t\t\t\t\t\t<option value=\"Post construction cleaning\">Limpieza Posterior a la Construcci\u00f3n<\/option>\n\t\t\t\t\t\t\t\t\t<option value=\"Commercial cleaning\">Limpieza Comercial<\/option>\n\t\t\t\t\t\t\t<\/select>\n\t\t<\/div>\n\t\t\t\t\t\t<\/div>\n\t\t\t\t\t\t\t\t<div class=\"elementor-field-type-tel elementor-field-group elementor-column elementor-field-group-field_8d549bd elementor-col-50 elementor-field-required elementor-mark-required\">\n\t\t\t\t\t\t\t\t\t\t\t\t<label for=\"form-field-field_8d549bd\" class=\"elementor-field-label\">\n\t\t\t\t\t\t\t\tPhone\t\t\t\t\t\t\t<\/label>\n\t\t\t\t\t\t\t\t<input size=\"1\" type=\"tel\" name=\"form_fields[field_8d549bd]\" id=\"form-field-field_8d549bd\" class=\"elementor-field elementor-size-sm  elementor-field-textual\" placeholder=\"Phone\" required=\"required\" pattern=\"[0-9()#&amp;+*-=.]+\" title=\"Only numbers and phone characters (#, -, *, etc) are accepted.\">\n\n\t\t\t\t\t\t<\/div>\n\t\t\t\t\t\t\t\t<div class=\"elementor-field-type-email elementor-field-group elementor-column elementor-field-group-field_a0209aa elementor-col-100 elementor-field-required elementor-mark-required\">\n\t\t\t\t\t\t\t\t\t\t\t\t<label for=\"form-field-field_a0209aa\" class=\"elementor-field-label\">\n\t\t\t\t\t\t\t\tEmail\t\t\t\t\t\t\t<\/label>\n\t\t\t\t\t\t\t\t\t\t\t\t\t\t<input size=\"1\" type=\"email\" name=\"form_fields[field_a0209aa]\" id=\"form-field-field_a0209aa\" class=\"elementor-field elementor-size-sm  elementor-field-textual\" placeholder=\"Email\" required=\"required\">\n\t\t\t\t\t\t\t\t\t\t\t<\/div>\n\t\t\t\t\t\t\t\t<div class=\"elementor-field-type-textarea elementor-field-group elementor-column elementor-field-group-message elementor-col-100 elementor-field-required elementor-mark-required\">\n\t\t\t\t\t\t\t\t\t\t\t\t<label for=\"form-field-message\" class=\"elementor-field-label\">\n\t\t\t\t\t\t\t\tMensaje\t\t\t\t\t\t\t<\/label>\n\t\t\t\t\t\t<textarea class=\"elementor-field-textual elementor-field  elementor-size-sm\" name=\"form_fields[message]\" id=\"form-field-message\" rows=\"4\" placeholder=\"Mensaje\" required=\"required\"><\/textarea>\t\t\t\t<\/div>\n\t\t\t\t\t\t\t\t<div class=\"elementor-field-group elementor-column elementor-field-type-submit elementor-col-100 e-form__buttons\">\n\t\t\t\t\t<button class=\"elementor-button elementor-size-sm\" type=\"submit\">\n\t\t\t\t\t\t<span class=\"elementor-button-content-wrapper\">\n\t\t\t\t\t\t\t\t\t\t\t\t\t\t\t\t\t\t\t\t\t\t<span class=\"elementor-button-text\">Enviar<\/span>\n\t\t\t\t\t\t\t\t\t\t\t\t\t<\/span>\n\t\t\t\t\t<\/button>\n\t\t\t\t<\/div>\n\t\t\t<\/div>\n\t\t<input type=\"hidden\" name=\"trp-form-language\" value=\"es\"\/><\/form>\n\t\t\t\t\t\t<\/div>\n\t\t\t\t<\/div>\n\t\t            <\/div>\n        <\/div>\n                    <\/div>\n        <\/section>\n                    <\/div>\n        <\/div>\n                    <\/div>\n        <\/section>\n        \t\t<\/div>","protected":false},"excerpt":{"rendered":"<p>FAQ You can learn more from our asked questions Can I provide my team with special instructions? Yes, we understand that every home and business has unique needs. You can provide special instructions when booking your service, and our team will follow them carefully. Do I need to be home for every cleaning service? No, [&hellip;]<\/p>","protected":false},"author":1,"featured_media":0,"parent":0,"menu_order":0,"comment_status":"closed","ping_status":"closed","template":"","meta":{"pagelayer_contact_templates":[],"_pagelayer_content":"","_glsr_average":0,"_glsr_ranking":0,"_glsr_reviews":0,"footnotes":""},"class_list":["post-593","page","type-page","status-publish","hentry"],"_links":{"self":[{"href":"https:\/\/naguaraproclean.com\/es\/wp-json\/wp\/v2\/pages\/593","targetHints":{"allow":["GET"]}}],"collection":[{"href":"https:\/\/naguaraproclean.com\/es\/wp-json\/wp\/v2\/pages"}],"about":[{"href":"https:\/\/naguaraproclean.com\/es\/wp-json\/wp\/v2\/types\/page"}],"author":[{"embeddable":true,"href":"https:\/\/naguaraproclean.com\/es\/wp-json\/wp\/v2\/users\/1"}],"replies":[{"embeddable":true,"href":"https:\/\/naguaraproclean.com\/es\/wp-json\/wp\/v2\/comments?post=593"}],"version-history":[{"count":58,"href":"https:\/\/naguaraproclean.com\/es\/wp-json\/wp\/v2\/pages\/593\/revisions"}],"predecessor-version":[{"id":9614,"href":"https:\/\/naguaraproclean.com\/es\/wp-json\/wp\/v2\/pages\/593\/revisions\/9614"}],"wp:attachment":[{"href":"https:\/\/naguaraproclean.com\/es\/wp-json\/wp\/v2\/media?parent=593"}],"curies":[{"name":"wp","href":"https:\/\/api.w.org\/{rel}","templated":true}]}}